{"id":193,"date":"2022-11-25T00:37:15","date_gmt":"2022-11-25T00:37:15","guid":{"rendered":"https:\/\/nilsis.com\/?page_id=193"},"modified":"2022-11-25T00:37:17","modified_gmt":"2022-11-25T00:37:17","slug":"etsy-destek","status":"publish","type":"page","link":"https:\/\/nilsis.com\/index.php\/etsy-destek\/","title":{"rendered":"Etsy Destek"},"content":{"rendered":"\n<ul class=\"wp-block-list\">\n<li>Etsy sat\u0131c\u0131 hesab\u0131 kurulumu<\/li>\n\n\n\n<li>Sat\u0131c\u0131 banka hesab\u0131 ayarlar\u0131<\/li>\n\n\n\n<li>\u00dcr\u00fcn bulma<\/li>\n\n\n\n<li>Birebir , uzaktan e\u011fitim ve destek<\/li>\n\n\n\n<li>T\u00fcrkiye &#8216; den di\u011fer \u00fclkelere \u00fcr\u00fcn g\u00f6nderme<\/li>\n\n\n\n<li>Ara depolarla \u00e7al\u0131\u015fma<\/li>\n\n\n\n<li>Etsy seo , rakip analizi<\/li>\n\n\n\n<li>Do\u011fru anahtar kelimeler ile \u00fcst s\u0131ralara \u00e7\u0131kma<\/li>\n\n\n\n<li>Etsy &#8216; de sosyal medyan\u0131n g\u00fcc\u00fc ve reklam \u00e7al\u0131\u015fmalar\u0131<\/li>\n<\/ul>\n\n\n\n<p><\/p>\n","protected":false},"excerpt":{"rendered":"","protected":false},"author":1,"featured_media":0,"parent":0,"menu_order":0,"comment_status":"closed","ping_status":"closed","template":"","meta":{"footnotes":""},"class_list":["post-193","page","type-page","status-publish"],"jetpack-related-posts":[{"id":196,"url":"https:\/\/nilsis.com\/index.php\/e-ticaret-vpn-destegi\/","url_meta":{"origin":193,"position":0},"title":"E-ticaret VPN deste\u011fi","date":"Kas\u0131m 25, 2022","format":false,"excerpt":"\u0130\u015fletmelerin e-ihracat yaparken amazon , etsy , ebay gibi platformlarda birden fazla hesap a\u00e7malar\u0131n\u0131 gerektirecek durumlar olu\u015fur. Avrupa ve Amerika K\u0131tas\u0131 dahilindeki sat\u0131c\u0131 ma\u011faza hesaplar\u0131n\u0131z i\u00e7in do\u011fru vpn se\u00e7imleri Amazon Web Services\u00a0(AWS) sunucu yap\u0131land\u0131rmalar\u0131 Amazon , Ebay , Etsy pazar yeri algoritmalar\u0131na uyumlu vpn kurulum hizmeleri","rel":"","context":"Benzer yaz\u0131","img":{"alt_text":"","src":"","width":0,"height":0},"classes":[]},{"id":183,"url":"https:\/\/nilsis.com\/index.php\/amazon-danismanligi\/","url_meta":{"origin":193,"position":1},"title":"Amazon Hizmetleri","date":"Kas\u0131m 25, 2022","format":false,"excerpt":"Amazon sat\u0131c\u0131 hesab\u0131 kurulumu Birebir ve uzaktan e\u011fitim Ma\u011fazan\u0131n aktif hale getirilmesi Amazon i\u015f modelleri ve s\u00fcrd\u00fcr\u00fclebirlik\"FBA - FBM , retail arbitrage , online arbitrage , private label\" Alibaba , Aliexpress vs. tedarik zincirine giri\u015f. T\u00fcrkiye lokasyonlu \u00fcr\u00fcnlerinizi d\u00fcnya geneline pazarlama Amazon yaz\u0131l\u0131mlar\u0131 Pazar yerleri ve karl\u0131l\u0131k analizleri , global\u2026","rel":"","context":"Benzer yaz\u0131","img":{"alt_text":"","src":"","width":0,"height":0},"classes":[]},{"id":126,"url":"https:\/\/nilsis.com\/index.php\/destek\/","url_meta":{"origin":193,"position":2},"title":"Destek","date":"Kas\u0131m 7, 2022","format":false,"excerpt":"","rel":"","context":"Benzer yaz\u0131","img":{"alt_text":"","src":"","width":0,"height":0},"classes":[]}],"_links":{"self":[{"href":"https:\/\/nilsis.com\/index.php\/wp-json\/wp\/v2\/pages\/193","targetHints":{"allow":["GET"]}}],"collection":[{"href":"https:\/\/nilsis.com\/index.php\/wp-json\/wp\/v2\/pages"}],"about":[{"href":"https:\/\/nilsis.com\/index.php\/wp-json\/wp\/v2\/types\/page"}],"author":[{"embeddable":true,"href":"https:\/\/nilsis.com\/index.php\/wp-json\/wp\/v2\/users\/1"}],"replies":[{"embeddable":true,"href":"https:\/\/nilsis.com\/index.php\/wp-json\/wp\/v2\/comments?post=193"}],"version-history":[{"count":1,"href":"https:\/\/nilsis.com\/index.php\/wp-json\/wp\/v2\/pages\/193\/revisions"}],"predecessor-version":[{"id":194,"href":"https:\/\/nilsis.com\/index.php\/wp-json\/wp\/v2\/pages\/193\/revisions\/194"}],"wp:attachment":[{"href":"https:\/\/nilsis.com\/index.php\/wp-json\/wp\/v2\/media?parent=193"}],"curies":[{"name":"wp","href":"https:\/\/api.w.org\/{rel}","templated":true}]}}