{"id":196,"date":"2022-11-25T09:40:42","date_gmt":"2022-11-25T09:40:42","guid":{"rendered":"https:\/\/nilsis.com\/?page_id=196"},"modified":"2022-11-25T09:40:43","modified_gmt":"2022-11-25T09:40:43","slug":"e-ticaret-vpn-destegi","status":"publish","type":"page","link":"https:\/\/nilsis.com\/index.php\/e-ticaret-vpn-destegi\/","title":{"rendered":"E-ticaret VPN deste\u011fi"},"content":{"rendered":"\n<p>\u0130\u015fletmelerin e-ihracat yaparken amazon , etsy , ebay gibi platformlarda birden fazla hesap a\u00e7malar\u0131n\u0131 gerektirecek durumlar olu\u015fur.<\/p>\n\n\n\n<ul class=\"wp-block-list\">\n<li>Avrupa ve Amerika K\u0131tas\u0131 dahilindeki sat\u0131c\u0131 ma\u011faza hesaplar\u0131n\u0131z i\u00e7in do\u011fru vpn se\u00e7imleri<\/li>\n\n\n\n<li><em>Amazon Web Services<\/em>\u00a0(AWS) sunucu yap\u0131land\u0131rmalar\u0131<\/li>\n\n\n\n<li>Amazon , Ebay , Etsy pazar yeri algoritmalar\u0131na uyumlu vpn  kurulum hizmeleri<\/li>\n<\/ul>\n","protected":false},"excerpt":{"rendered":"<p>\u0130\u015fletmelerin e-ihracat yaparken amazon , etsy , ebay gibi platformlarda birden fazla hesap a\u00e7malar\u0131n\u0131 gerektirecek durumlar olu\u015fur.<\/p>\n","protected":false},"author":1,"featured_media":0,"parent":0,"menu_order":0,"comment_status":"closed","ping_status":"closed","template":"","meta":{"footnotes":""},"class_list":["post-196","page","type-page","status-publish"],"jetpack-related-posts":[{"id":183,"url":"https:\/\/nilsis.com\/index.php\/amazon-danismanligi\/","url_meta":{"origin":196,"position":0},"title":"Amazon Hizmetleri","date":"Kas\u0131m 25, 2022","format":false,"excerpt":"Amazon sat\u0131c\u0131 hesab\u0131 kurulumu Birebir ve uzaktan e\u011fitim Ma\u011fazan\u0131n aktif hale getirilmesi Amazon i\u015f modelleri ve s\u00fcrd\u00fcr\u00fclebirlik\"FBA - FBM , retail arbitrage , online arbitrage , private label\" Alibaba , Aliexpress vs. tedarik zincirine giri\u015f. T\u00fcrkiye lokasyonlu \u00fcr\u00fcnlerinizi d\u00fcnya geneline pazarlama Amazon yaz\u0131l\u0131mlar\u0131 Pazar yerleri ve karl\u0131l\u0131k analizleri , global\u2026","rel":"","context":"Benzer yaz\u0131","img":{"alt_text":"","src":"","width":0,"height":0},"classes":[]},{"id":193,"url":"https:\/\/nilsis.com\/index.php\/etsy-destek\/","url_meta":{"origin":196,"position":1},"title":"Etsy Destek","date":"Kas\u0131m 25, 2022","format":false,"excerpt":"Etsy sat\u0131c\u0131 hesab\u0131 kurulumu Sat\u0131c\u0131 banka hesab\u0131 ayarlar\u0131 \u00dcr\u00fcn bulma Birebir , uzaktan e\u011fitim ve destek T\u00fcrkiye ' den di\u011fer \u00fclkelere \u00fcr\u00fcn g\u00f6nderme Ara depolarla \u00e7al\u0131\u015fma Etsy seo , rakip analizi Do\u011fru anahtar kelimeler ile \u00fcst s\u0131ralara \u00e7\u0131kma Etsy ' de sosyal medyan\u0131n g\u00fcc\u00fc ve reklam \u00e7al\u0131\u015fmalar\u0131","rel":"","context":"Benzer yaz\u0131","img":{"alt_text":"","src":"","width":0,"height":0},"classes":[]},{"id":132,"url":"https:\/\/nilsis.com\/","url_meta":{"origin":196,"position":2},"title":"Nilsis","date":"Kas\u0131m 14, 2022","format":false,"excerpt":"E-ticaret Dan\u0131\u015fmanl\u0131\u011f\u0131 Sekt\u00f6re \u00f6zel ios-android mobil uygulamalar Kurumsal kimlik olu\u015fturma Sa\u011fl\u0131k , Emlak , E-ticaret , Restoran ve bir\u00e7ok alana \u00f6zel web tabanl\u0131 yaz\u0131l\u0131mlar Web Uygulama G\u00fcvenli\u011fi Pentest\u00a0","rel":"","context":"Benzer yaz\u0131","img":{"alt_text":"","src":"","width":0,"height":0},"classes":[]}],"_links":{"self":[{"href":"https:\/\/nilsis.com\/index.php\/wp-json\/wp\/v2\/pages\/196","targetHints":{"allow":["GET"]}}],"collection":[{"href":"https:\/\/nilsis.com\/index.php\/wp-json\/wp\/v2\/pages"}],"about":[{"href":"https:\/\/nilsis.com\/index.php\/wp-json\/wp\/v2\/types\/page"}],"author":[{"embeddable":true,"href":"https:\/\/nilsis.com\/index.php\/wp-json\/wp\/v2\/users\/1"}],"replies":[{"embeddable":true,"href":"https:\/\/nilsis.com\/index.php\/wp-json\/wp\/v2\/comments?post=196"}],"version-history":[{"count":1,"href":"https:\/\/nilsis.com\/index.php\/wp-json\/wp\/v2\/pages\/196\/revisions"}],"predecessor-version":[{"id":197,"href":"https:\/\/nilsis.com\/index.php\/wp-json\/wp\/v2\/pages\/196\/revisions\/197"}],"wp:attachment":[{"href":"https:\/\/nilsis.com\/index.php\/wp-json\/wp\/v2\/media?parent=196"}],"curies":[{"name":"wp","href":"https:\/\/api.w.org\/{rel}","templated":true}]}}